
{"id":873,"date":"2017-01-13T07:37:33","date_gmt":"2017-01-13T07:37:33","guid":{"rendered":"http:\/\/zadecu.org\/en\/?page_id=873"},"modified":"2022-02-25T22:30:33","modified_gmt":"2022-02-25T22:30:33","slug":"friends-club","status":"publish","type":"page","link":"https:\/\/zadecu.org\/en\/friends-club\/","title":{"rendered":"Social Lab"},"content":{"rendered":"<p style=\"text-align: justify;\"><strong>D-Care Labs<\/strong> addresses the fundamental needs of <strong>home care beneficiaries<\/strong>, <strong>which are not satisfied by current social service providers<\/strong>. There are extensive requirements to fulfill needs e.g. as proper medical therapies and support for body hygiene, provision of adequate home facilities to prevent falls and measures <strong>to enable social inclusion of needy people into the local community.<\/strong><\/p>\n<p style=\"text-align: justify;\">Our <a href=\"http:\/\/www.interreg-danube.eu\/approved-projects\/d-carelabs\">project<\/a> intends to address these challenges by establishing specialized <strong>macro-regional D-Care Lab innovation structures<\/strong> to enable social service providers, product developers and social start-ups to design and implement better and innovative home care services and products for elderly persons, people with disabilities and children with special needs.<\/p>\n<p style=\"text-align: justify;\">The main objective of D-Care Labs is <strong>to strengthen the implementation of innovative social services in the domain of home care<\/strong>.<\/p>\n<p style=\"text-align: justify;\">The Transnational Lab Strategy is based on an analysis of beneficiary needs (incl. needs caused by the Coronavirus), innovation potentials and intends to identify complementary interregional resources.<\/p>\n<p style=\"text-align: justify;\"><strong>The main result of D-Care Labs is the establishment of a Transnational Lab of the Labs which will offer a framework for the incubation of the Regional Labs and a community of practice to increase mutual learning and transnational co-creation.<\/strong> The setup of ecosystems of social investment will provide financial and entrepreneurial support structures. During the pilot actions of 9 regional labs, innovation structures will be tested and improved.<\/p>\n<p style=\"text-align: justify;\">D-Care Labs will help institutional actors and other stakeholders in the DTP to identify obstacles, develop and implement a plan to address them; improve institutional capacities, analyse the beneficiary needs and innovation potential as well as offer a framework for the incubation of regional labs.<\/p>\n<p style=\"text-align: justify;\">The <a href=\"http:\/\/www.interreg-danube.eu\/approved-projects\/d-carelabs\">project<\/a> uses methodology to facilitate the design\/implementation of community-based home care innovations (regional D-Care Lab as bottom-up, integrative, need- and solution-oriented approach) and methods to encourage interregional collaboration and co-creation (Transnational Lab, community-building approaches). The project uses tools to involve relevant policy-actors of different levels to promote policy-change in the areas of social innovation and home care.<\/p>\n<p style=\"text-align: justify;\"><em>D-Care Labs project is co-funded by the European Union Funds (ERDF, IPA, ENI).<\/em><\/p>\n<p style=\"text-align: justify;\"><strong>Social media accounts of D-Care Labs: <\/strong><\/p>\n<p style=\"text-align: justify;\">Facebook: <a href=\"https:\/\/www.facebook.com\/DCareLabsProject\/\">https:\/\/www.facebook.com\/DCareLabsProject\/<\/a><\/p>\n<p style=\"text-align: justify;\">Twitter: @labs_care<\/p>\n<p style=\"text-align: justify;\">Instagram: <a href=\"https:\/\/www.instagram.com\/dcarelabs\/\">https:\/\/www.instagram.com\/dcarelabs\/<\/a><\/p>\n<p style=\"text-align: justify;\">For more information turn to: office@zadecu.org<\/p>\n<p style=\"text-align: justify;\"><strong>Project website link:\u00a0<a href=\"http:\/\/www.interreg-danube.eu\/approved-projects\/d-carelabs\">http:\/\/www.interreg-danube.eu\/approved-projects\/d-carelabs<\/a><\/strong><\/p>\n<p style=\"text-align: justify;\"><strong>Programme:<\/strong> Interreg Danube Transnational Programme<\/p>\n<p style=\"text-align: justify;\"><strong>Duration:<\/strong> 07\/2020 &#8211; 12\/2022<\/p>\n<p style=\"text-align: justify;\"><strong>Partner countries:<\/strong> Germany, Hungary, Croatia, Romania, Bulgaria, Austria, Slovenia, Bosnia and Herzegovina, Serbia, Moldova<\/p>\n<h1 style=\"text-align: justify;\"><\/h1>\n","protected":false},"excerpt":{"rendered":"<p>D-Care Labs addresses the fundamental needs of home care beneficiaries, which are not satisfied by current social service providers. There are extensive requirements to fulfill needs e.g. as proper medical therapies and support for body hygiene, provision of adequate home facilities to prevent falls and measures to enable social inclusion of needy people into the [&hellip;]<\/p>\n","protected":false},"author":7,"featured_media":0,"parent":0,"menu_order":0,"comment_status":"closed","ping_status":"closed","template":"","meta":{"footnotes":""},"class_list":["post-873","page","type-page","status-publish","hentry"],"yoast_head":"<!-- This site is optimized with the Yoast SEO plugin v27.5 - https:\/\/yoast.com\/product\/yoast-seo-wordpress\/ -->\n<title>Social Lab - Mre\u017ea organizacija za decu Srbije<\/title>\n<meta name=\"robots\" content=\"index, follow, max-snippet:-1, max-image-preview:large, max-video-preview:-1\" \/>\n<link rel=\"canonical\" href=\"https:\/\/zadecu.org\/en\/friends-club\/\" \/>\n<meta property=\"og:locale\" content=\"en_US\" \/>\n<meta property=\"og:type\" content=\"article\" \/>\n<meta property=\"og:title\" content=\"Social Lab - Mre\u017ea organizacija za decu Srbije\" \/>\n<meta property=\"og:description\" content=\"D-Care Labs addresses the fundamental needs of home care beneficiaries, which are not satisfied by current social service providers. There are extensive requirements to fulfill needs e.g. as proper medical therapies and support for body hygiene, provision of adequate home facilities to prevent falls and measures to enable social inclusion of needy people into the [&hellip;]\" \/>\n<meta property=\"og:url\" content=\"https:\/\/zadecu.org\/en\/friends-club\/\" \/>\n<meta property=\"og:site_name\" content=\"Mre\u017ea organizacija za decu Srbije\" \/>\n<meta property=\"article:publisher\" content=\"https:\/\/www.facebook.com\/zadecuMODS\/\" \/>\n<meta property=\"article:modified_time\" content=\"2022-02-25T22:30:33+00:00\" \/>\n<meta name=\"twitter:card\" content=\"summary_large_image\" \/>\n<meta name=\"twitter:site\" content=\"@zadecuMODS\" \/>\n<meta name=\"twitter:label1\" content=\"Est. reading time\" \/>\n\t<meta name=\"twitter:data1\" content=\"3 minutes\" \/>\n<script type=\"application\/ld+json\" class=\"yoast-schema-graph\">{\"@context\":\"https:\\\/\\\/schema.org\",\"@graph\":[{\"@type\":\"WebPage\",\"@id\":\"https:\\\/\\\/zadecu.org\\\/en\\\/friends-club\\\/\",\"url\":\"https:\\\/\\\/zadecu.org\\\/en\\\/friends-club\\\/\",\"name\":\"Social Lab - Mre\u017ea organizacija za decu Srbije\",\"isPartOf\":{\"@id\":\"https:\\\/\\\/zadecu.org\\\/#website\"},\"datePublished\":\"2017-01-13T07:37:33+00:00\",\"dateModified\":\"2022-02-25T22:30:33+00:00\",\"breadcrumb\":{\"@id\":\"https:\\\/\\\/zadecu.org\\\/en\\\/friends-club\\\/#breadcrumb\"},\"inLanguage\":\"en-US\",\"potentialAction\":[{\"@type\":\"ReadAction\",\"target\":[\"https:\\\/\\\/zadecu.org\\\/en\\\/friends-club\\\/\"]}]},{\"@type\":\"BreadcrumbList\",\"@id\":\"https:\\\/\\\/zadecu.org\\\/en\\\/friends-club\\\/#breadcrumb\",\"itemListElement\":[{\"@type\":\"ListItem\",\"position\":1,\"name\":\"Home\",\"item\":\"https:\\\/\\\/zadecu.org\\\/en\\\/\"},{\"@type\":\"ListItem\",\"position\":2,\"name\":\"Social Lab\"}]},{\"@type\":\"WebSite\",\"@id\":\"https:\\\/\\\/zadecu.org\\\/#website\",\"url\":\"https:\\\/\\\/zadecu.org\\\/\",\"name\":\"Mre\u017ea organizacija za decu Srbije\",\"description\":\"Savez organizacija civilnog dru\u0161tva koje se bave za\u0161titom i promocijom prava deteta u Srbiji\",\"publisher\":{\"@id\":\"https:\\\/\\\/zadecu.org\\\/#organization\"},\"potentialAction\":[{\"@type\":\"SearchAction\",\"target\":{\"@type\":\"EntryPoint\",\"urlTemplate\":\"https:\\\/\\\/zadecu.org\\\/?s={search_term_string}\"},\"query-input\":{\"@type\":\"PropertyValueSpecification\",\"valueRequired\":true,\"valueName\":\"search_term_string\"}}],\"inLanguage\":\"en-US\"},{\"@type\":\"Organization\",\"@id\":\"https:\\\/\\\/zadecu.org\\\/#organization\",\"name\":\"Mre\u017ea organizacija za decu Srbije MODS\",\"url\":\"https:\\\/\\\/zadecu.org\\\/\",\"logo\":{\"@type\":\"ImageObject\",\"inLanguage\":\"en-US\",\"@id\":\"https:\\\/\\\/zadecu.org\\\/#\\\/schema\\\/logo\\\/image\\\/\",\"url\":\"http:\\\/\\\/zadecu.org\\\/wp-content\\\/uploads\\\/2019\\\/07\\\/MODS_logo_veci.jpg\",\"contentUrl\":\"http:\\\/\\\/zadecu.org\\\/wp-content\\\/uploads\\\/2019\\\/07\\\/MODS_logo_veci.jpg\",\"width\":798,\"height\":335,\"caption\":\"Mre\u017ea organizacija za decu Srbije MODS\"},\"image\":{\"@id\":\"https:\\\/\\\/zadecu.org\\\/#\\\/schema\\\/logo\\\/image\\\/\"},\"sameAs\":[\"https:\\\/\\\/www.facebook.com\\\/zadecuMODS\\\/\",\"https:\\\/\\\/x.com\\\/zadecuMODS\",\"https:\\\/\\\/www.instagram.com\\\/zadecuMODS\\\/\",\"https:\\\/\\\/www.youtube.com\\\/channel\\\/UC1JWUdo0NzgZJFne1EdFX9A\"]}]}<\/script>\n<!-- \/ Yoast SEO plugin. -->","yoast_head_json":{"title":"Social Lab - Mre\u017ea organizacija za decu Srbije","robots":{"index":"index","follow":"follow","max-snippet":"max-snippet:-1","max-image-preview":"max-image-preview:large","max-video-preview":"max-video-preview:-1"},"canonical":"https:\/\/zadecu.org\/en\/friends-club\/","og_locale":"en_US","og_type":"article","og_title":"Social Lab - Mre\u017ea organizacija za decu Srbije","og_description":"D-Care Labs addresses the fundamental needs of home care beneficiaries, which are not satisfied by current social service providers. There are extensive requirements to fulfill needs e.g. as proper medical therapies and support for body hygiene, provision of adequate home facilities to prevent falls and measures to enable social inclusion of needy people into the [&hellip;]","og_url":"https:\/\/zadecu.org\/en\/friends-club\/","og_site_name":"Mre\u017ea organizacija za decu Srbije","article_publisher":"https:\/\/www.facebook.com\/zadecuMODS\/","article_modified_time":"2022-02-25T22:30:33+00:00","twitter_card":"summary_large_image","twitter_site":"@zadecuMODS","twitter_misc":{"Est. reading time":"3 minutes"},"schema":{"@context":"https:\/\/schema.org","@graph":[{"@type":"WebPage","@id":"https:\/\/zadecu.org\/en\/friends-club\/","url":"https:\/\/zadecu.org\/en\/friends-club\/","name":"Social Lab - Mre\u017ea organizacija za decu Srbije","isPartOf":{"@id":"https:\/\/zadecu.org\/#website"},"datePublished":"2017-01-13T07:37:33+00:00","dateModified":"2022-02-25T22:30:33+00:00","breadcrumb":{"@id":"https:\/\/zadecu.org\/en\/friends-club\/#breadcrumb"},"inLanguage":"en-US","potentialAction":[{"@type":"ReadAction","target":["https:\/\/zadecu.org\/en\/friends-club\/"]}]},{"@type":"BreadcrumbList","@id":"https:\/\/zadecu.org\/en\/friends-club\/#breadcrumb","itemListElement":[{"@type":"ListItem","position":1,"name":"Home","item":"https:\/\/zadecu.org\/en\/"},{"@type":"ListItem","position":2,"name":"Social Lab"}]},{"@type":"WebSite","@id":"https:\/\/zadecu.org\/#website","url":"https:\/\/zadecu.org\/","name":"Mre\u017ea organizacija za decu Srbije","description":"Savez organizacija civilnog dru\u0161tva koje se bave za\u0161titom i promocijom prava deteta u Srbiji","publisher":{"@id":"https:\/\/zadecu.org\/#organization"},"potentialAction":[{"@type":"SearchAction","target":{"@type":"EntryPoint","urlTemplate":"https:\/\/zadecu.org\/?s={search_term_string}"},"query-input":{"@type":"PropertyValueSpecification","valueRequired":true,"valueName":"search_term_string"}}],"inLanguage":"en-US"},{"@type":"Organization","@id":"https:\/\/zadecu.org\/#organization","name":"Mre\u017ea organizacija za decu Srbije MODS","url":"https:\/\/zadecu.org\/","logo":{"@type":"ImageObject","inLanguage":"en-US","@id":"https:\/\/zadecu.org\/#\/schema\/logo\/image\/","url":"http:\/\/zadecu.org\/wp-content\/uploads\/2019\/07\/MODS_logo_veci.jpg","contentUrl":"http:\/\/zadecu.org\/wp-content\/uploads\/2019\/07\/MODS_logo_veci.jpg","width":798,"height":335,"caption":"Mre\u017ea organizacija za decu Srbije MODS"},"image":{"@id":"https:\/\/zadecu.org\/#\/schema\/logo\/image\/"},"sameAs":["https:\/\/www.facebook.com\/zadecuMODS\/","https:\/\/x.com\/zadecuMODS","https:\/\/www.instagram.com\/zadecuMODS\/","https:\/\/www.youtube.com\/channel\/UC1JWUdo0NzgZJFne1EdFX9A"]}]}},"_links":{"self":[{"href":"https:\/\/zadecu.org\/en\/wp-json\/wp\/v2\/pages\/873","targetHints":{"allow":["GET"]}}],"collection":[{"href":"https:\/\/zadecu.org\/en\/wp-json\/wp\/v2\/pages"}],"about":[{"href":"https:\/\/zadecu.org\/en\/wp-json\/wp\/v2\/types\/page"}],"author":[{"embeddable":true,"href":"https:\/\/zadecu.org\/en\/wp-json\/wp\/v2\/users\/7"}],"replies":[{"embeddable":true,"href":"https:\/\/zadecu.org\/en\/wp-json\/wp\/v2\/comments?post=873"}],"version-history":[{"count":0,"href":"https:\/\/zadecu.org\/en\/wp-json\/wp\/v2\/pages\/873\/revisions"}],"wp:attachment":[{"href":"https:\/\/zadecu.org\/en\/wp-json\/wp\/v2\/media?parent=873"}],"curies":[{"name":"wp","href":"https:\/\/api.w.org\/{rel}","templated":true}]}}