
{"id":867,"date":"2017-01-13T07:32:59","date_gmt":"2017-01-13T07:32:59","guid":{"rendered":"http:\/\/zadecu.org\/en\/?page_id=867"},"modified":"2017-07-19T16:20:46","modified_gmt":"2017-07-19T16:20:46","slug":"ambassadors","status":"publish","type":"page","link":"https:\/\/zadecu.org\/en\/ambassadors\/","title":{"rendered":"Ambassadors"},"content":{"rendered":"<div class=\"mks_col \">\n<div class=\"mks_one_third \"><img loading=\"lazy\" decoding=\"async\" class=\"alignnone size-full wp-image-426\" src=\"http:\/\/zadecu.org\/wp-content\/uploads\/2016\/07\/anastanic-mala.png\" alt=\"anastanic---mala\" width=\"100\" height=\"100\" srcset=\"https:\/\/zadecu.org\/wp-content\/uploads\/2016\/07\/anastanic-mala.png 100w, https:\/\/zadecu.org\/wp-content\/uploads\/2016\/07\/anastanic-mala-65x65.png 65w\" sizes=\"auto, (max-width: 100px) 100vw, 100px\" \/><br \/>\n<span style=\"font-size: 11pt;\">Ana Stani\u0107, pop singer, producer and composer<\/span><br \/>\n<\/div>\n<div class=\"mks_two_thirds \">\n<p style=\"text-align: justify;\">&#8220;I became an ambassador of MODS as I am aware that the difficult situation in which we live reflects badly primarily on children which is what I am particularly sensitive to as a mother of a little boy. In addition, I feel fulfilled and happy when I can contribute in any way to such a humane and great cause, such is the well-being of our children.&#8221;<\/p>\n<\/div>\n<\/div>\n<div class=\"mks_separator\" style=\"border-bottom: 5px double;\"><\/div>\n<div class=\"mks_col \">\n<div class=\"mks_one_third \"><img loading=\"lazy\" decoding=\"async\" class=\"alignnone size-full wp-image-434\" src=\"http:\/\/zadecu.org\/wp-content\/uploads\/2016\/07\/radovic.png\" alt=\"radovic\" width=\"100\" height=\"100\" srcset=\"https:\/\/zadecu.org\/wp-content\/uploads\/2016\/07\/radovic.png 100w, https:\/\/zadecu.org\/wp-content\/uploads\/2016\/07\/radovic-65x65.png 65w\" sizes=\"auto, (max-width: 100px) 100vw, 100px\" \/><br \/>\n<span style=\"font-size: 11pt;\">Aleksandra Radovi\u0107, a pop singer and an author<\/span><br \/>\n<\/div>\n<div class=\"mks_two_thirds \">\n<p style=\"text-align: justify;\">&#8220;I am glad to have an opportunity to help children in Serbia in this way. Children must be protected, nurtured and cared for. Children are our future and both the state and all of us should make sure that we pay more attention to how and where our children grow, how much attention is paid to their mental health, and how much we try to protect them. &#8220;<\/p>\n<\/div>\n<\/div>\n<div class=\"mks_separator\" style=\"border-bottom: 5px double;\"><\/div>\n<div class=\"mks_col \">\n<div class=\"mks_one_third \"><img loading=\"lazy\" decoding=\"async\" class=\"alignnone size-full wp-image-439\" src=\"http:\/\/zadecu.org\/wp-content\/uploads\/2016\/07\/vasil.png\" alt=\"vasil\" width=\"100\" height=\"100\" srcset=\"https:\/\/zadecu.org\/wp-content\/uploads\/2016\/07\/vasil.png 100w, https:\/\/zadecu.org\/wp-content\/uploads\/2016\/07\/vasil-65x65.png 65w\" sizes=\"auto, (max-width: 100px) 100vw, 100px\" \/><br \/>\n<span style=\"font-size: 11pt;\">Vasil Had\u017eimanov, a jazz pianist and a composer<\/span><br \/>\n<\/div>\n<div class=\"mks_two_thirds \">\n<p style=\"text-align: justify;\">&#8220;Being a father of a sixteen-year old girl, I often think about what I can do to make her growing up happier and more carefree, which is why I often wonder what about other children in Serbia, especially the ones who do not have the conditions necessary for each and every child, like love, attention and material resources. Therefore, I gladly accepted the invitation to be an ambassador of the Network of Organizations for Children of Serbia and utilize my popularity to make visible those who fight for children&#8217;s rights and do everything to make their lives better.&#8221;<\/p>\n<\/div>\n<\/div>\n<div class=\"mks_separator\" style=\"border-bottom: 5px double;\"><\/div>\n<div class=\"mks_col \">\n<div class=\"mks_one_third \"><img loading=\"lazy\" decoding=\"async\" class=\"alignnone size-full wp-image-441\" src=\"http:\/\/zadecu.org\/wp-content\/uploads\/2016\/07\/Natasa.png\" alt=\"Natasa\" width=\"100\" height=\"100\" srcset=\"https:\/\/zadecu.org\/wp-content\/uploads\/2016\/07\/Natasa.png 100w, https:\/\/zadecu.org\/wp-content\/uploads\/2016\/07\/Natasa-65x65.png 65w\" sizes=\"auto, (max-width: 100px) 100vw, 100px\" \/><br \/>\n<span style=\"font-size: 11pt;\">Nata\u0161a Kova\u010devi\u0107, a basketball player, Red Star<\/span><br \/>\n<\/div>\n<div class=\"mks_two_thirds \">\n<p style=\"text-align: justify;\">&#8220;I am honoured by the fact that people from the Network of Organization for Children of Serbia invited me to be their ambassador. The values advocated by the Network are truly noble and I will try to extend whatever support is necessary to this organization dedicated to the protection of children&#8217;s rights in order to successfully achieve their goals. I had a great childhood and I realize how important it is for a proper development of each person. Therefore, I feel I have a great need and a desire to fight in every way for children to grow up safely in Serbia and to be protected from abuse, neglect, exploitation and any form of violence, but also to exercise their right to quality education, health care. I am sure if we can provide a better childhood for our children, it will be an investment in our better future.&#8221;<\/p>\n<\/div>\n<\/div>\n<div class=\"mks_separator\" style=\"border-bottom: 5px double;\"><\/div>\n<div class=\"mks_col \">\n<div class=\"mks_one_third \"><img loading=\"lazy\" decoding=\"async\" class=\"alignnone size-full wp-image-442\" src=\"http:\/\/zadecu.org\/wp-content\/uploads\/2016\/07\/filip-filipovic.png\" alt=\"filip-filipovic\" width=\"100\" height=\"100\" srcset=\"https:\/\/zadecu.org\/wp-content\/uploads\/2016\/07\/filip-filipovic.png 100w, https:\/\/zadecu.org\/wp-content\/uploads\/2016\/07\/filip-filipovic-65x65.png 65w\" sizes=\"auto, (max-width: 100px) 100vw, 100px\" \/><br \/>\n<span style=\"font-size: 11pt;\">Filip Filipovi\u0107, a water polo player, Serbian national team<\/span><br \/>\n<\/div>\n<div class=\"mks_two_thirds \">\n<p style=\"text-align: justify;\">&#8220;We are glad that there are organizations such as MODS dealing with the rights of children in Serbia and who care about their well-being and make sure that our children have as happier and carefree childhood as possible. I believe that it is an obligation, not only theirs, but of us all too, and so we gladly accepted when we were invited to shoot a video &#8220;Winning team&#8221; because we wholeheartedly stand up for the children of Serbia.&#8221;<\/p>\n<\/div>\n<\/div>\n<div class=\"mks_separator\" style=\"border-bottom: 5px double;\"><\/div>\n<div class=\"mks_col \">\n<div class=\"mks_one_third \"><img loading=\"lazy\" decoding=\"async\" class=\"alignnone size-full wp-image-443\" src=\"http:\/\/zadecu.org\/wp-content\/uploads\/2016\/07\/pjetlovic.png\" alt=\"pjetlovic\" width=\"100\" height=\"100\" srcset=\"https:\/\/zadecu.org\/wp-content\/uploads\/2016\/07\/pjetlovic.png 100w, https:\/\/zadecu.org\/wp-content\/uploads\/2016\/07\/pjetlovic-65x65.png 65w\" sizes=\"auto, (max-width: 100px) 100vw, 100px\" \/><br \/>\n<span style=\"font-size: 11pt;\">Du\u0161ko Pijetlovi\u0107, a water polo player, Serbian national team<\/span><br \/>\n<\/div>\n<div class=\"mks_two_thirds \">\n<p style=\"text-align: justify;\">&#8220;We are aware that we, as athletes, are role models for young people in Serbia. That is why we want to show them by our engagement that they should never forget about children and their needs, to help them as much as they can and when they can and to encourage others to join and participate.&#8221;<\/p>\n<\/div>\n<\/div>\n<div class=\"mks_separator\" style=\"border-bottom: 5px double;\"><\/div>\n<div class=\"mks_col \">\n<div class=\"mks_one_third \"><img loading=\"lazy\" decoding=\"async\" class=\"alignnone size-full wp-image-444\" src=\"http:\/\/zadecu.org\/wp-content\/uploads\/2016\/07\/prlainovic.png\" alt=\"prlainovic\" width=\"100\" height=\"100\" srcset=\"https:\/\/zadecu.org\/wp-content\/uploads\/2016\/07\/prlainovic.png 100w, https:\/\/zadecu.org\/wp-content\/uploads\/2016\/07\/prlainovic-65x65.png 65w\" sizes=\"auto, (max-width: 100px) 100vw, 100px\" \/><br \/>\n<span style=\"font-size: 11pt;\">Andrija Prlainovi\u0107, a water polo player, Serbian national team<\/span><br \/>\n<\/div>\n<div class=\"mks_two_thirds \">\n<p style=\"text-align: justify;\">&#8220;We were very glad when MODS invited us to make the video &#8220;Winning team&#8221; because we believe that even in everyday life we should act as a team, work with children, hear what they think, respect them and strive to provide them with a happy childhood as the place to grow up.&#8221;<\/p>\n<\/div>\n<\/div>\n<div class=\"mks_separator\" style=\"border-bottom: 5px double;\"><\/div>\n<div class=\"mks_col \">\n<div class=\"mks_one_third \"><img loading=\"lazy\" decoding=\"async\" class=\"alignnone size-full wp-image-445\" src=\"http:\/\/zadecu.org\/wp-content\/uploads\/2016\/07\/gocic.png\" alt=\"gocic\" width=\"100\" height=\"100\" srcset=\"https:\/\/zadecu.org\/wp-content\/uploads\/2016\/07\/gocic.png 100w, https:\/\/zadecu.org\/wp-content\/uploads\/2016\/07\/gocic-65x65.png 65w\" sizes=\"auto, (max-width: 100px) 100vw, 100px\" \/><br \/>\n<span style=\"font-size: 11pt;\">\u017divko Goci\u0107, a water polo player, Serbian national team<\/span><br \/>\n<\/div>\n<div class=\"mks_two_thirds \">\n<p style=\"text-align: justify;\">&#8220;We all know the saying that &#8220;children will inherit the world&#8221; and that is what was the driving force for us when we participated in the making of the video &#8220;Winning team.&#8221; Children are little people today, but tomorrow, they will be in our shoes, compete in sports, acquire new knowledge, they will lead this country, and if we want a happy future for both ourselves and themselves, we must provide them with a happy present.&#8221;<\/p>\n<\/div>\n<\/div>\n<div class=\"mks_separator\" style=\"border-bottom: 5px double;\"><\/div>\n<div class=\"mks_col \">\n<div class=\"mks_one_third \"><img loading=\"lazy\" decoding=\"async\" class=\"alignnone size-full wp-image-446\" src=\"http:\/\/zadecu.org\/wp-content\/uploads\/2016\/07\/aleksic.png\" alt=\"aleksic\" width=\"100\" height=\"100\" srcset=\"https:\/\/zadecu.org\/wp-content\/uploads\/2016\/07\/aleksic.png 100w, https:\/\/zadecu.org\/wp-content\/uploads\/2016\/07\/aleksic-65x65.png 65w\" sizes=\"auto, (max-width: 100px) 100vw, 100px\" \/><br \/>\n<span style=\"font-size: 11pt;\">Milan Aleksi\u0107, a water polo player, Serbian national team<\/span><br \/>\n<\/div>\n<div class=\"mks_two_thirds \">\n<p style=\"text-align: justify;\">&#8220;It was a great honour to participate in the video &#8220;Wining team&#8221; because we wanted to show children that the best among the athletes of Serbia are with them, and to somehow show them that their efforts and hard work can place them among the best too. We hope that this will inspire them to look forward and fight, as we fight to win every day.&#8221;<\/p>\n<\/div>\n<\/div>\n<div class=\"mks_separator\" style=\"border-bottom: 5px double;\"><\/div>\n<div class=\"mks_col \">\n<div class=\"mks_one_third \"><img loading=\"lazy\" decoding=\"async\" class=\"alignnone size-full wp-image-447\" src=\"http:\/\/zadecu.org\/wp-content\/uploads\/2016\/07\/petrovic.png\" alt=\"petrovic\" width=\"100\" height=\"100\" srcset=\"https:\/\/zadecu.org\/wp-content\/uploads\/2016\/07\/petrovic.png 100w, https:\/\/zadecu.org\/wp-content\/uploads\/2016\/07\/petrovic-65x65.png 65w\" sizes=\"auto, (max-width: 100px) 100vw, 100px\" \/><br \/>\n<span style=\"font-size: 11pt;\">Uro\u0161 Petrovi\u0107, a writer<\/span><br \/>\n<\/div>\n<div class=\"mks_two_thirds \">\n<p style=\"text-align: justify;\">&#8220;I have been fighting since forever, in my own way, fora sleepy society to recognize and support the valuable destiny of childhood. If the child&#8217;s playful spirit is in any way hampered, children\u2019s mood, creativity and interest in new knowledge decline, which certainly causes devastating and long-term consequences. The minds of children are not mere storages for fruit that others choose, but they are gardens that joyfully wait to blossom in their own way. It will only do so if they grow and are educated in an environment where they are respected. Childhood is the most important part of everyone&#8217;s life, and it is sad that this is mainly understood by elderly sages only when they look back. We would all be a little better off if we carefully listened to the voice of the youngest category which is placed on the margins of events in the blur of accelerated reality.&#8221;<\/p>\n<\/div>\n<\/div>\n<div class=\"mks_separator\" style=\"border-bottom: 5px double;\"><\/div>\n<div class=\"mks_col \">\n<div class=\"mks_one_third \"><img loading=\"lazy\" decoding=\"async\" class=\"alignnone size-full wp-image-448\" src=\"http:\/\/zadecu.org\/wp-content\/uploads\/2016\/07\/piale.png\" alt=\"piale\" width=\"100\" height=\"100\" srcset=\"https:\/\/zadecu.org\/wp-content\/uploads\/2016\/07\/piale.png 100w, https:\/\/zadecu.org\/wp-content\/uploads\/2016\/07\/piale-65x65.png 65w\" sizes=\"auto, (max-width: 100px) 100vw, 100px\" \/><br \/>\n<span style=\"font-size: 11pt;\">Stevan Piale, an actor<\/span><br \/>\n<\/div>\n<div class=\"mks_two_thirds \">\n<p style=\"text-align: justify;\">&#8220;It is a special honour to be a member of this team and an Ambassador of MODS, because in this way, in addition to the theater, I got a chance to show my great love for children. I want to show that I can, I want and I know how to fight for their happiness and a better future. I am aware of how many children around the world and in Serbia also suffer from poverty, hunger, abuse and diseases and I want to help them, not only through my work in the theater, but also by promoting their rights. From my own acting experience, I know what pleasure is when your efforts are rewarded with smiles of children and that is why I decided to support the mission of MODS.&#8221;<\/p>\n<\/div>\n<\/div>\n","protected":false},"excerpt":{"rendered":"","protected":false},"author":7,"featured_media":0,"parent":0,"menu_order":0,"comment_status":"closed","ping_status":"closed","template":"","meta":{"footnotes":""},"class_list":["post-867","page","type-page","status-publish","hentry"],"yoast_head":"<!-- This site is optimized with the Yoast SEO plugin v27.5 - https:\/\/yoast.com\/product\/yoast-seo-wordpress\/ -->\n<title>Ambassadors - Mre\u017ea organizacija za decu Srbije<\/title>\n<meta name=\"robots\" content=\"index, follow, max-snippet:-1, max-image-preview:large, max-video-preview:-1\" \/>\n<link rel=\"canonical\" href=\"https:\/\/zadecu.org\/en\/ambassadors\/\" \/>\n<meta property=\"og:locale\" content=\"en_US\" \/>\n<meta property=\"og:type\" content=\"article\" \/>\n<meta property=\"og:title\" content=\"Ambassadors - Mre\u017ea organizacija za decu Srbije\" \/>\n<meta property=\"og:url\" content=\"https:\/\/zadecu.org\/en\/ambassadors\/\" \/>\n<meta property=\"og:site_name\" content=\"Mre\u017ea organizacija za decu Srbije\" \/>\n<meta property=\"article:publisher\" content=\"https:\/\/www.facebook.com\/zadecuMODS\/\" \/>\n<meta property=\"article:modified_time\" content=\"2017-07-19T16:20:46+00:00\" \/>\n<meta property=\"og:image\" content=\"http:\/\/zadecu.org\/wp-content\/uploads\/2016\/07\/anastanic-mala.png\" \/>\n<meta name=\"twitter:card\" content=\"summary_large_image\" \/>\n<meta name=\"twitter:site\" content=\"@zadecuMODS\" \/>\n<meta name=\"twitter:label1\" content=\"Est. reading time\" \/>\n\t<meta name=\"twitter:data1\" content=\"7 minutes\" \/>\n<script type=\"application\/ld+json\" class=\"yoast-schema-graph\">{\"@context\":\"https:\\\/\\\/schema.org\",\"@graph\":[{\"@type\":\"WebPage\",\"@id\":\"https:\\\/\\\/zadecu.org\\\/en\\\/ambassadors\\\/\",\"url\":\"https:\\\/\\\/zadecu.org\\\/en\\\/ambassadors\\\/\",\"name\":\"Ambassadors - Mre\u017ea organizacija za decu Srbije\",\"isPartOf\":{\"@id\":\"https:\\\/\\\/zadecu.org\\\/#website\"},\"primaryImageOfPage\":{\"@id\":\"https:\\\/\\\/zadecu.org\\\/en\\\/ambassadors\\\/#primaryimage\"},\"image\":{\"@id\":\"https:\\\/\\\/zadecu.org\\\/en\\\/ambassadors\\\/#primaryimage\"},\"thumbnailUrl\":\"http:\\\/\\\/zadecu.org\\\/wp-content\\\/uploads\\\/2016\\\/07\\\/anastanic-mala.png\",\"datePublished\":\"2017-01-13T07:32:59+00:00\",\"dateModified\":\"2017-07-19T16:20:46+00:00\",\"breadcrumb\":{\"@id\":\"https:\\\/\\\/zadecu.org\\\/en\\\/ambassadors\\\/#breadcrumb\"},\"inLanguage\":\"en-US\",\"potentialAction\":[{\"@type\":\"ReadAction\",\"target\":[\"https:\\\/\\\/zadecu.org\\\/en\\\/ambassadors\\\/\"]}]},{\"@type\":\"ImageObject\",\"inLanguage\":\"en-US\",\"@id\":\"https:\\\/\\\/zadecu.org\\\/en\\\/ambassadors\\\/#primaryimage\",\"url\":\"http:\\\/\\\/zadecu.org\\\/wp-content\\\/uploads\\\/2016\\\/07\\\/anastanic-mala.png\",\"contentUrl\":\"http:\\\/\\\/zadecu.org\\\/wp-content\\\/uploads\\\/2016\\\/07\\\/anastanic-mala.png\"},{\"@type\":\"BreadcrumbList\",\"@id\":\"https:\\\/\\\/zadecu.org\\\/en\\\/ambassadors\\\/#breadcrumb\",\"itemListElement\":[{\"@type\":\"ListItem\",\"position\":1,\"name\":\"Home\",\"item\":\"https:\\\/\\\/zadecu.org\\\/en\\\/\"},{\"@type\":\"ListItem\",\"position\":2,\"name\":\"Ambassadors\"}]},{\"@type\":\"WebSite\",\"@id\":\"https:\\\/\\\/zadecu.org\\\/#website\",\"url\":\"https:\\\/\\\/zadecu.org\\\/\",\"name\":\"Mre\u017ea organizacija za decu Srbije\",\"description\":\"Savez organizacija civilnog dru\u0161tva koje se bave za\u0161titom i promocijom prava deteta u Srbiji\",\"publisher\":{\"@id\":\"https:\\\/\\\/zadecu.org\\\/#organization\"},\"potentialAction\":[{\"@type\":\"SearchAction\",\"target\":{\"@type\":\"EntryPoint\",\"urlTemplate\":\"https:\\\/\\\/zadecu.org\\\/?s={search_term_string}\"},\"query-input\":{\"@type\":\"PropertyValueSpecification\",\"valueRequired\":true,\"valueName\":\"search_term_string\"}}],\"inLanguage\":\"en-US\"},{\"@type\":\"Organization\",\"@id\":\"https:\\\/\\\/zadecu.org\\\/#organization\",\"name\":\"Mre\u017ea organizacija za decu Srbije MODS\",\"url\":\"https:\\\/\\\/zadecu.org\\\/\",\"logo\":{\"@type\":\"ImageObject\",\"inLanguage\":\"en-US\",\"@id\":\"https:\\\/\\\/zadecu.org\\\/#\\\/schema\\\/logo\\\/image\\\/\",\"url\":\"http:\\\/\\\/zadecu.org\\\/wp-content\\\/uploads\\\/2019\\\/07\\\/MODS_logo_veci.jpg\",\"contentUrl\":\"http:\\\/\\\/zadecu.org\\\/wp-content\\\/uploads\\\/2019\\\/07\\\/MODS_logo_veci.jpg\",\"width\":798,\"height\":335,\"caption\":\"Mre\u017ea organizacija za decu Srbije MODS\"},\"image\":{\"@id\":\"https:\\\/\\\/zadecu.org\\\/#\\\/schema\\\/logo\\\/image\\\/\"},\"sameAs\":[\"https:\\\/\\\/www.facebook.com\\\/zadecuMODS\\\/\",\"https:\\\/\\\/x.com\\\/zadecuMODS\",\"https:\\\/\\\/www.instagram.com\\\/zadecuMODS\\\/\",\"https:\\\/\\\/www.youtube.com\\\/channel\\\/UC1JWUdo0NzgZJFne1EdFX9A\"]}]}<\/script>\n<!-- \/ Yoast SEO plugin. -->","yoast_head_json":{"title":"Ambassadors - Mre\u017ea organizacija za decu Srbije","robots":{"index":"index","follow":"follow","max-snippet":"max-snippet:-1","max-image-preview":"max-image-preview:large","max-video-preview":"max-video-preview:-1"},"canonical":"https:\/\/zadecu.org\/en\/ambassadors\/","og_locale":"en_US","og_type":"article","og_title":"Ambassadors - Mre\u017ea organizacija za decu Srbije","og_url":"https:\/\/zadecu.org\/en\/ambassadors\/","og_site_name":"Mre\u017ea organizacija za decu Srbije","article_publisher":"https:\/\/www.facebook.com\/zadecuMODS\/","article_modified_time":"2017-07-19T16:20:46+00:00","og_image":[{"url":"http:\/\/zadecu.org\/wp-content\/uploads\/2016\/07\/anastanic-mala.png","type":"","width":"","height":""}],"twitter_card":"summary_large_image","twitter_site":"@zadecuMODS","twitter_misc":{"Est. reading time":"7 minutes"},"schema":{"@context":"https:\/\/schema.org","@graph":[{"@type":"WebPage","@id":"https:\/\/zadecu.org\/en\/ambassadors\/","url":"https:\/\/zadecu.org\/en\/ambassadors\/","name":"Ambassadors - Mre\u017ea organizacija za decu Srbije","isPartOf":{"@id":"https:\/\/zadecu.org\/#website"},"primaryImageOfPage":{"@id":"https:\/\/zadecu.org\/en\/ambassadors\/#primaryimage"},"image":{"@id":"https:\/\/zadecu.org\/en\/ambassadors\/#primaryimage"},"thumbnailUrl":"http:\/\/zadecu.org\/wp-content\/uploads\/2016\/07\/anastanic-mala.png","datePublished":"2017-01-13T07:32:59+00:00","dateModified":"2017-07-19T16:20:46+00:00","breadcrumb":{"@id":"https:\/\/zadecu.org\/en\/ambassadors\/#breadcrumb"},"inLanguage":"en-US","potentialAction":[{"@type":"ReadAction","target":["https:\/\/zadecu.org\/en\/ambassadors\/"]}]},{"@type":"ImageObject","inLanguage":"en-US","@id":"https:\/\/zadecu.org\/en\/ambassadors\/#primaryimage","url":"http:\/\/zadecu.org\/wp-content\/uploads\/2016\/07\/anastanic-mala.png","contentUrl":"http:\/\/zadecu.org\/wp-content\/uploads\/2016\/07\/anastanic-mala.png"},{"@type":"BreadcrumbList","@id":"https:\/\/zadecu.org\/en\/ambassadors\/#breadcrumb","itemListElement":[{"@type":"ListItem","position":1,"name":"Home","item":"https:\/\/zadecu.org\/en\/"},{"@type":"ListItem","position":2,"name":"Ambassadors"}]},{"@type":"WebSite","@id":"https:\/\/zadecu.org\/#website","url":"https:\/\/zadecu.org\/","name":"Mre\u017ea organizacija za decu Srbije","description":"Savez organizacija civilnog dru\u0161tva koje se bave za\u0161titom i promocijom prava deteta u Srbiji","publisher":{"@id":"https:\/\/zadecu.org\/#organization"},"potentialAction":[{"@type":"SearchAction","target":{"@type":"EntryPoint","urlTemplate":"https:\/\/zadecu.org\/?s={search_term_string}"},"query-input":{"@type":"PropertyValueSpecification","valueRequired":true,"valueName":"search_term_string"}}],"inLanguage":"en-US"},{"@type":"Organization","@id":"https:\/\/zadecu.org\/#organization","name":"Mre\u017ea organizacija za decu Srbije MODS","url":"https:\/\/zadecu.org\/","logo":{"@type":"ImageObject","inLanguage":"en-US","@id":"https:\/\/zadecu.org\/#\/schema\/logo\/image\/","url":"http:\/\/zadecu.org\/wp-content\/uploads\/2019\/07\/MODS_logo_veci.jpg","contentUrl":"http:\/\/zadecu.org\/wp-content\/uploads\/2019\/07\/MODS_logo_veci.jpg","width":798,"height":335,"caption":"Mre\u017ea organizacija za decu Srbije MODS"},"image":{"@id":"https:\/\/zadecu.org\/#\/schema\/logo\/image\/"},"sameAs":["https:\/\/www.facebook.com\/zadecuMODS\/","https:\/\/x.com\/zadecuMODS","https:\/\/www.instagram.com\/zadecuMODS\/","https:\/\/www.youtube.com\/channel\/UC1JWUdo0NzgZJFne1EdFX9A"]}]}},"_links":{"self":[{"href":"https:\/\/zadecu.org\/en\/wp-json\/wp\/v2\/pages\/867","targetHints":{"allow":["GET"]}}],"collection":[{"href":"https:\/\/zadecu.org\/en\/wp-json\/wp\/v2\/pages"}],"about":[{"href":"https:\/\/zadecu.org\/en\/wp-json\/wp\/v2\/types\/page"}],"author":[{"embeddable":true,"href":"https:\/\/zadecu.org\/en\/wp-json\/wp\/v2\/users\/7"}],"replies":[{"embeddable":true,"href":"https:\/\/zadecu.org\/en\/wp-json\/wp\/v2\/comments?post=867"}],"version-history":[{"count":0,"href":"https:\/\/zadecu.org\/en\/wp-json\/wp\/v2\/pages\/867\/revisions"}],"wp:attachment":[{"href":"https:\/\/zadecu.org\/en\/wp-json\/wp\/v2\/media?parent=867"}],"curies":[{"name":"wp","href":"https:\/\/api.w.org\/{rel}","templated":true}]}}