
{"id":1760,"date":"2017-07-19T17:04:59","date_gmt":"2017-07-19T17:04:59","guid":{"rendered":"http:\/\/zadecu.org\/en\/?page_id=1760"},"modified":"2024-12-27T09:55:55","modified_gmt":"2024-12-27T09:55:55","slug":"team","status":"publish","type":"page","link":"https:\/\/zadecu.org\/en\/team\/","title":{"rendered":"Team"},"content":{"rendered":"<p><span style=\"color: #000000;\"><div class=\"mks_col \"><\/span><\/p>\n<p><span style=\"color: #000000;\"><div class=\"mks_one_third \"><\/div><img loading=\"lazy\" decoding=\"async\" class=\"alignnone wp-image-1949 size-full\" src=\"http:\/\/zadecu.org\/wp-content\/uploads\/2017\/07\/2-e1502203029791.png\" alt=\"Sa\u0161a Stefanovi\u0107\" width=\"200\" height=\"197\" srcset=\"https:\/\/zadecu.org\/wp-content\/uploads\/2017\/07\/2-e1502203029791.png 200w, https:\/\/zadecu.org\/wp-content\/uploads\/2017\/07\/2-e1502203029791-100x100.png 100w\" sizes=\"auto, (max-width: 200px) 100vw, 200px\" \/><\/span><\/p>\n<p><strong><span style=\"color: #000000;\">Sa\u0161a Stefanovi\u0107<\/span><\/strong><\/p>\n<p><span style=\"color: #000000;\">Director of MODS<\/span><\/p>\n<p><span style=\"color: #000000;\">s.stefanovic@zadecu.org<\/span><\/p>\n<p><span style=\"color: #000000;\"><div class=\"mks_separator\" style=\"border-bottom: 5px double;\"><\/div><\/span><\/p>\n<p><span style=\"color: #000000;\"><div class=\"mks_col \"><\/div><\/span><\/p>\n<p><span style=\"color: #000000;\"><div class=\"mks_one_third \"><\/div><img loading=\"lazy\" decoding=\"async\" class=\"alignnone wp-image-2421 size-full\" src=\"http:\/\/zadecu.org\/wp-content\/uploads\/2017\/07\/tuxpi.com_.1510514584-e1510516090904.jpg\" alt=\"Zorica Sokolov\" width=\"200\" height=\"187\" \/><\/span><br \/>\n<strong><span style=\"color: #000000;\">Zorica Sokolov<\/span><\/strong><\/p>\n<p><span style=\"color: #000000;\">Finance Manager<\/span><\/p>\n<p><span style=\"color: #000000;\">zorica.sokolov@zadecu.org<\/span><\/p>\n<p><span style=\"color: #000000;\"><\/div><\/span><\/p>\n<p><span style=\"color: #000000;\"><div class=\"mks_separator\" style=\"border-bottom: 5px double;\"><\/div><\/span><\/p>\n<p><span style=\"color: #000000;\"><div class=\"mks_col \"><\/span><\/p>\n<p><span style=\"color: #000000;\"><div class=\"mks_col \"><\/div><\/span><\/p>\n<p><span style=\"color: #000000;\"><div class=\"mks_one_third \"><\/div><img loading=\"lazy\" decoding=\"async\" class=\"alignnone wp-image-1967 size-full\" src=\"http:\/\/zadecu.org\/wp-content\/uploads\/2017\/07\/Mirjana-e1502964575624.jpg\" alt=\"Mirjana\" width=\"200\" height=\"199\" srcset=\"https:\/\/zadecu.org\/wp-content\/uploads\/2017\/07\/Mirjana-e1502964575624.jpg 200w, https:\/\/zadecu.org\/wp-content\/uploads\/2017\/07\/Mirjana-e1502964575624-100x100.jpg 100w\" sizes=\"auto, (max-width: 200px) 100vw, 200px\" \/><\/span><\/p>\n<p><strong><span style=\"color: #000000;\">Mirjana D\u017euverovi\u0107<\/span><\/strong><\/p>\n<p><span style=\"color: #000000;\">Program Coordinator<\/span><\/p>\n<p><span style=\"color: #000000;\">mirjana.dzuverovic@zadecu.org<\/span><\/p>\n<p><span style=\"color: #000000;\"><\/div><\/span><\/p>\n<p><span style=\"color: #000000;\"><div class=\"mks_separator\" style=\"border-bottom: 5px double;\"><\/div><\/span><\/p>\n<p><span style=\"color: #000000;\"><div class=\"mks_col \"><\/span><\/p>\n<p><span style=\"color: #000000;\"><div class=\"mks_col \"><\/div><\/span><\/p>\n<p><span style=\"color: #000000;\"><div class=\"mks_one_third \"><\/div><img loading=\"lazy\" decoding=\"async\" class=\"alignnone wp-image-2420 \" src=\"http:\/\/zadecu.org\/wp-content\/uploads\/2017\/07\/tuxpi.com_.1510514644-e1510516003757.jpg\" alt=\"Neda Salai\" width=\"199\" height=\"194\" \/><\/span><br \/>\n<strong><span style=\"color: #000000;\">Neda Salai<\/span><\/strong><\/p>\n<p><span style=\"color: #000000;\">Marketing &amp; Fundraising Consultant<\/span><\/p>\n<p><span style=\"color: #000000;\">neda.salai@gmail.com<\/span><\/p>\n<p><span style=\"color: #000000;\"><\/div><\/span><\/p>\n<p><span style=\"color: #000000;\"><div class=\"mks_separator\" style=\"border-bottom: 5px double;\"><\/div><\/span><\/p>\n<p><span style=\"color: #000000;\"><div class=\"mks_one_third \"><\/div><\/span><\/p>\n<h6 style=\"text-align: center;\">Coordinators of MODS Thematic Groups<\/h6>\n<p><span style=\"color: #000000;\"><div class=\"mks_separator\" style=\"border-bottom: 5px double;\"><\/div><\/span><\/p>\n<p><img loading=\"lazy\" decoding=\"async\" class=\"wp-image-11688 aligncenter\" src=\"https:\/\/zadecu.org\/wp-content\/uploads\/2023\/10\/Maja-Milacic-600x594.png\" alt=\"\" width=\"220\" height=\"218\" srcset=\"https:\/\/zadecu.org\/wp-content\/uploads\/2023\/10\/Maja-Milacic-600x594.png 600w, https:\/\/zadecu.org\/wp-content\/uploads\/2023\/10\/Maja-Milacic.png 731w\" sizes=\"auto, (max-width: 220px) 100vw, 220px\" \/><\/p>\n<p><strong>Maja Milacic<\/strong> (Center <a href=\"https:\/\/cspa-grig.org\/\">GRiG<\/a>)<\/p>\n<p>Coordinator of TG Social and Health Care (Housing)<\/p>\n<p>maja@cspa-grig.org<\/p>\n<p><span style=\"color: #000000;\"><div class=\"mks_separator\" style=\"border-bottom: 5px double;\"><\/div><\/span><\/p>\n<p><span style=\"color: #000000;\"><div class=\"mks_one_third \"><\/div><\/span><\/p>\n<p><img loading=\"lazy\" decoding=\"async\" class=\"wp-image-11693  aligncenter\" src=\"https:\/\/zadecu.org\/wp-content\/uploads\/2023\/10\/Aleksandra-Milutinovic-1-600x600.png\" alt=\"\" width=\"211\" height=\"211\" srcset=\"https:\/\/zadecu.org\/wp-content\/uploads\/2023\/10\/Aleksandra-Milutinovic-1-600x600.png 600w, https:\/\/zadecu.org\/wp-content\/uploads\/2023\/10\/Aleksandra-Milutinovic-1.png 732w\" sizes=\"auto, (max-width: 211px) 100vw, 211px\" \/><\/p>\n<p><strong>Aleksandra Milutinovic<\/strong> (<a href=\"https:\/\/www.okular.rs\/\">Okular<\/a>)<\/p>\n<p>Coordinator of TG Education, Culture, and Media (Media Literacy, Early Development)<\/p>\n<p>sastavzapet@gmail.com<\/p>\n<p><span style=\"color: #000000;\"><div class=\"mks_separator\" style=\"border-bottom: 5px double;\"><\/div><\/span><\/p>\n<p><span style=\"color: #000000;\"><div class=\"mks_one_third \"><\/div><\/span><\/p>\n<p><img loading=\"lazy\" decoding=\"async\" class=\"wp-image-11695  aligncenter\" src=\"https:\/\/zadecu.org\/wp-content\/uploads\/2023\/10\/Dubravka-Kahrimanovic-600x593.png\" alt=\"\" width=\"208\" height=\"206\" srcset=\"https:\/\/zadecu.org\/wp-content\/uploads\/2023\/10\/Dubravka-Kahrimanovic-600x593.png 600w, https:\/\/zadecu.org\/wp-content\/uploads\/2023\/10\/Dubravka-Kahrimanovic.png 729w\" sizes=\"auto, (max-width: 208px) 100vw, 208px\" \/><\/p>\n<p><strong>Dubravka Kahrimanovic<\/strong> (<a href=\"https:\/\/prijateljidece.org\/?lang=en\"><strong>Association Friends of Children of Serbia<\/strong><\/a>)<\/p>\n<p>Coordinator of TG Sustainability (Environmental Protection, Innovation, Digitalization)<\/p>\n<p><a href=\"mailto:dubravka@prijateljidece.org\" target=\"_blank\" rel=\"noopener\">dubravka@prijateljidece.org<\/a><\/p>\n<p><span style=\"color: #000000;\"><div class=\"mks_separator\" style=\"border-bottom: 5px double;\"><\/div><\/span><\/p>\n<p><span style=\"color: #000000;\"><div class=\"mks_one_third \"><\/div><\/span><\/p>\n<p><img loading=\"lazy\" decoding=\"async\" class=\"wp-image-11697  aligncenter\" src=\"https:\/\/zadecu.org\/wp-content\/uploads\/2023\/10\/Jovana-Skoric-600x589.png\" alt=\"\" width=\"207\" height=\"203\" srcset=\"https:\/\/zadecu.org\/wp-content\/uploads\/2023\/10\/Jovana-Skoric-600x589.png 600w, https:\/\/zadecu.org\/wp-content\/uploads\/2023\/10\/Jovana-Skoric.png 750w\" sizes=\"auto, (max-width: 207px) 100vw, 207px\" \/><\/p>\n<p><strong>Jovana Skoric<\/strong> (<a href=\"https:\/\/cnzd.rs\/en\/\">Center for Missing and Exploited Children<\/a>)<\/p>\n<p>Coordinator of TG Sustainability (Environmental Protection, Innovation, Digitalization)<\/p>\n<p><a href=\"mailto:jovanaskoric@cnzd.rs\" target=\"_blank\" rel=\"noopener\">jovanaskoric@cnzd.rs<\/a><\/p>\n<p><span style=\"color: #000000;\"><div class=\"mks_separator\" style=\"border-bottom: 5px double;\"><\/div><\/span><\/p>\n<p><span style=\"color: #000000;\"><div class=\"mks_one_third \"><\/div><\/span><\/p>\n","protected":false},"excerpt":{"rendered":"<p>Coordinators of MODS Thematic Groups Maja Milacic (Center GRiG) Coordinator of TG Social and Health Care (Housing) maja@cspa-grig.org Aleksandra Milutinovic (Okular) Coordinator of TG Education, Culture, and Media (Media Literacy, Early Development) sastavzapet@gmail.com Dubravka Kahrimanovic (Association Friends of Children of Serbia) Coordinator of TG Sustainability (Environmental Protection, Innovation, Digitalization) dubravka@prijateljidece.org Jovana Skoric (Center for Missing [&hellip;]<\/p>\n","protected":false},"author":3,"featured_media":0,"parent":0,"menu_order":0,"comment_status":"closed","ping_status":"closed","template":"","meta":{"footnotes":""},"class_list":["post-1760","page","type-page","status-publish","hentry"],"yoast_head":"<!-- This site is optimized with the Yoast SEO plugin v27.5 - https:\/\/yoast.com\/product\/yoast-seo-wordpress\/ -->\n<title>Team - Mre\u017ea organizacija za decu Srbije<\/title>\n<meta name=\"robots\" content=\"index, follow, max-snippet:-1, max-image-preview:large, max-video-preview:-1\" \/>\n<link rel=\"canonical\" href=\"https:\/\/zadecu.org\/en\/team\/\" \/>\n<meta property=\"og:locale\" content=\"en_US\" \/>\n<meta property=\"og:type\" content=\"article\" \/>\n<meta property=\"og:title\" content=\"Team - Mre\u017ea organizacija za decu Srbije\" \/>\n<meta property=\"og:description\" content=\"Coordinators of MODS Thematic Groups Maja Milacic (Center GRiG) Coordinator of TG Social and Health Care (Housing) maja@cspa-grig.org Aleksandra Milutinovic (Okular) Coordinator of TG Education, Culture, and Media (Media Literacy, Early Development) sastavzapet@gmail.com Dubravka Kahrimanovic (Association Friends of Children of Serbia) Coordinator of TG Sustainability (Environmental Protection, Innovation, Digitalization) dubravka@prijateljidece.org Jovana Skoric (Center for Missing [&hellip;]\" \/>\n<meta property=\"og:url\" content=\"https:\/\/zadecu.org\/en\/team\/\" \/>\n<meta property=\"og:site_name\" content=\"Mre\u017ea organizacija za decu Srbije\" \/>\n<meta property=\"article:publisher\" content=\"https:\/\/www.facebook.com\/zadecuMODS\/\" \/>\n<meta property=\"article:modified_time\" content=\"2024-12-27T09:55:55+00:00\" \/>\n<meta property=\"og:image\" content=\"https:\/\/zadecu.org\/wp-content\/uploads\/2017\/07\/2-e1502203029791.png\" \/>\n\t<meta property=\"og:image:width\" content=\"200\" \/>\n\t<meta property=\"og:image:height\" content=\"197\" \/>\n\t<meta property=\"og:image:type\" content=\"image\/png\" \/>\n<meta name=\"twitter:card\" content=\"summary_large_image\" \/>\n<meta name=\"twitter:site\" content=\"@zadecuMODS\" \/>\n<meta name=\"twitter:label1\" content=\"Est. reading time\" \/>\n\t<meta name=\"twitter:data1\" content=\"1 minute\" \/>\n<script type=\"application\/ld+json\" class=\"yoast-schema-graph\">{\"@context\":\"https:\\\/\\\/schema.org\",\"@graph\":[{\"@type\":\"WebPage\",\"@id\":\"https:\\\/\\\/zadecu.org\\\/en\\\/team\\\/\",\"url\":\"https:\\\/\\\/zadecu.org\\\/en\\\/team\\\/\",\"name\":\"Team - Mre\u017ea organizacija za decu Srbije\",\"isPartOf\":{\"@id\":\"https:\\\/\\\/zadecu.org\\\/#website\"},\"primaryImageOfPage\":{\"@id\":\"https:\\\/\\\/zadecu.org\\\/en\\\/team\\\/#primaryimage\"},\"image\":{\"@id\":\"https:\\\/\\\/zadecu.org\\\/en\\\/team\\\/#primaryimage\"},\"thumbnailUrl\":\"http:\\\/\\\/zadecu.org\\\/wp-content\\\/uploads\\\/2017\\\/07\\\/2-e1502203029791.png\",\"datePublished\":\"2017-07-19T17:04:59+00:00\",\"dateModified\":\"2024-12-27T09:55:55+00:00\",\"breadcrumb\":{\"@id\":\"https:\\\/\\\/zadecu.org\\\/en\\\/team\\\/#breadcrumb\"},\"inLanguage\":\"en-US\",\"potentialAction\":[{\"@type\":\"ReadAction\",\"target\":[\"https:\\\/\\\/zadecu.org\\\/en\\\/team\\\/\"]}]},{\"@type\":\"ImageObject\",\"inLanguage\":\"en-US\",\"@id\":\"https:\\\/\\\/zadecu.org\\\/en\\\/team\\\/#primaryimage\",\"url\":\"http:\\\/\\\/zadecu.org\\\/wp-content\\\/uploads\\\/2017\\\/07\\\/2-e1502203029791.png\",\"contentUrl\":\"http:\\\/\\\/zadecu.org\\\/wp-content\\\/uploads\\\/2017\\\/07\\\/2-e1502203029791.png\"},{\"@type\":\"BreadcrumbList\",\"@id\":\"https:\\\/\\\/zadecu.org\\\/en\\\/team\\\/#breadcrumb\",\"itemListElement\":[{\"@type\":\"ListItem\",\"position\":1,\"name\":\"Home\",\"item\":\"https:\\\/\\\/zadecu.org\\\/en\\\/\"},{\"@type\":\"ListItem\",\"position\":2,\"name\":\"Team\"}]},{\"@type\":\"WebSite\",\"@id\":\"https:\\\/\\\/zadecu.org\\\/#website\",\"url\":\"https:\\\/\\\/zadecu.org\\\/\",\"name\":\"Mre\u017ea organizacija za decu Srbije\",\"description\":\"Savez organizacija civilnog dru\u0161tva koje se bave za\u0161titom i promocijom prava deteta u Srbiji\",\"publisher\":{\"@id\":\"https:\\\/\\\/zadecu.org\\\/#organization\"},\"potentialAction\":[{\"@type\":\"SearchAction\",\"target\":{\"@type\":\"EntryPoint\",\"urlTemplate\":\"https:\\\/\\\/zadecu.org\\\/?s={search_term_string}\"},\"query-input\":{\"@type\":\"PropertyValueSpecification\",\"valueRequired\":true,\"valueName\":\"search_term_string\"}}],\"inLanguage\":\"en-US\"},{\"@type\":\"Organization\",\"@id\":\"https:\\\/\\\/zadecu.org\\\/#organization\",\"name\":\"Mre\u017ea organizacija za decu Srbije MODS\",\"url\":\"https:\\\/\\\/zadecu.org\\\/\",\"logo\":{\"@type\":\"ImageObject\",\"inLanguage\":\"en-US\",\"@id\":\"https:\\\/\\\/zadecu.org\\\/#\\\/schema\\\/logo\\\/image\\\/\",\"url\":\"http:\\\/\\\/zadecu.org\\\/wp-content\\\/uploads\\\/2019\\\/07\\\/MODS_logo_veci.jpg\",\"contentUrl\":\"http:\\\/\\\/zadecu.org\\\/wp-content\\\/uploads\\\/2019\\\/07\\\/MODS_logo_veci.jpg\",\"width\":798,\"height\":335,\"caption\":\"Mre\u017ea organizacija za decu Srbije MODS\"},\"image\":{\"@id\":\"https:\\\/\\\/zadecu.org\\\/#\\\/schema\\\/logo\\\/image\\\/\"},\"sameAs\":[\"https:\\\/\\\/www.facebook.com\\\/zadecuMODS\\\/\",\"https:\\\/\\\/x.com\\\/zadecuMODS\",\"https:\\\/\\\/www.instagram.com\\\/zadecuMODS\\\/\",\"https:\\\/\\\/www.youtube.com\\\/channel\\\/UC1JWUdo0NzgZJFne1EdFX9A\"]}]}<\/script>\n<!-- \/ Yoast SEO plugin. -->","yoast_head_json":{"title":"Team - Mre\u017ea organizacija za decu Srbije","robots":{"index":"index","follow":"follow","max-snippet":"max-snippet:-1","max-image-preview":"max-image-preview:large","max-video-preview":"max-video-preview:-1"},"canonical":"https:\/\/zadecu.org\/en\/team\/","og_locale":"en_US","og_type":"article","og_title":"Team - Mre\u017ea organizacija za decu Srbije","og_description":"Coordinators of MODS Thematic Groups Maja Milacic (Center GRiG) Coordinator of TG Social and Health Care (Housing) maja@cspa-grig.org Aleksandra Milutinovic (Okular) Coordinator of TG Education, Culture, and Media (Media Literacy, Early Development) sastavzapet@gmail.com Dubravka Kahrimanovic (Association Friends of Children of Serbia) Coordinator of TG Sustainability (Environmental Protection, Innovation, Digitalization) dubravka@prijateljidece.org Jovana Skoric (Center for Missing [&hellip;]","og_url":"https:\/\/zadecu.org\/en\/team\/","og_site_name":"Mre\u017ea organizacija za decu Srbije","article_publisher":"https:\/\/www.facebook.com\/zadecuMODS\/","article_modified_time":"2024-12-27T09:55:55+00:00","og_image":[{"width":200,"height":197,"url":"https:\/\/zadecu.org\/wp-content\/uploads\/2017\/07\/2-e1502203029791.png","type":"image\/png"}],"twitter_card":"summary_large_image","twitter_site":"@zadecuMODS","twitter_misc":{"Est. reading time":"1 minute"},"schema":{"@context":"https:\/\/schema.org","@graph":[{"@type":"WebPage","@id":"https:\/\/zadecu.org\/en\/team\/","url":"https:\/\/zadecu.org\/en\/team\/","name":"Team - Mre\u017ea organizacija za decu Srbije","isPartOf":{"@id":"https:\/\/zadecu.org\/#website"},"primaryImageOfPage":{"@id":"https:\/\/zadecu.org\/en\/team\/#primaryimage"},"image":{"@id":"https:\/\/zadecu.org\/en\/team\/#primaryimage"},"thumbnailUrl":"http:\/\/zadecu.org\/wp-content\/uploads\/2017\/07\/2-e1502203029791.png","datePublished":"2017-07-19T17:04:59+00:00","dateModified":"2024-12-27T09:55:55+00:00","breadcrumb":{"@id":"https:\/\/zadecu.org\/en\/team\/#breadcrumb"},"inLanguage":"en-US","potentialAction":[{"@type":"ReadAction","target":["https:\/\/zadecu.org\/en\/team\/"]}]},{"@type":"ImageObject","inLanguage":"en-US","@id":"https:\/\/zadecu.org\/en\/team\/#primaryimage","url":"http:\/\/zadecu.org\/wp-content\/uploads\/2017\/07\/2-e1502203029791.png","contentUrl":"http:\/\/zadecu.org\/wp-content\/uploads\/2017\/07\/2-e1502203029791.png"},{"@type":"BreadcrumbList","@id":"https:\/\/zadecu.org\/en\/team\/#breadcrumb","itemListElement":[{"@type":"ListItem","position":1,"name":"Home","item":"https:\/\/zadecu.org\/en\/"},{"@type":"ListItem","position":2,"name":"Team"}]},{"@type":"WebSite","@id":"https:\/\/zadecu.org\/#website","url":"https:\/\/zadecu.org\/","name":"Mre\u017ea organizacija za decu Srbije","description":"Savez organizacija civilnog dru\u0161tva koje se bave za\u0161titom i promocijom prava deteta u Srbiji","publisher":{"@id":"https:\/\/zadecu.org\/#organization"},"potentialAction":[{"@type":"SearchAction","target":{"@type":"EntryPoint","urlTemplate":"https:\/\/zadecu.org\/?s={search_term_string}"},"query-input":{"@type":"PropertyValueSpecification","valueRequired":true,"valueName":"search_term_string"}}],"inLanguage":"en-US"},{"@type":"Organization","@id":"https:\/\/zadecu.org\/#organization","name":"Mre\u017ea organizacija za decu Srbije MODS","url":"https:\/\/zadecu.org\/","logo":{"@type":"ImageObject","inLanguage":"en-US","@id":"https:\/\/zadecu.org\/#\/schema\/logo\/image\/","url":"http:\/\/zadecu.org\/wp-content\/uploads\/2019\/07\/MODS_logo_veci.jpg","contentUrl":"http:\/\/zadecu.org\/wp-content\/uploads\/2019\/07\/MODS_logo_veci.jpg","width":798,"height":335,"caption":"Mre\u017ea organizacija za decu Srbije MODS"},"image":{"@id":"https:\/\/zadecu.org\/#\/schema\/logo\/image\/"},"sameAs":["https:\/\/www.facebook.com\/zadecuMODS\/","https:\/\/x.com\/zadecuMODS","https:\/\/www.instagram.com\/zadecuMODS\/","https:\/\/www.youtube.com\/channel\/UC1JWUdo0NzgZJFne1EdFX9A"]}]}},"_links":{"self":[{"href":"https:\/\/zadecu.org\/en\/wp-json\/wp\/v2\/pages\/1760","targetHints":{"allow":["GET"]}}],"collection":[{"href":"https:\/\/zadecu.org\/en\/wp-json\/wp\/v2\/pages"}],"about":[{"href":"https:\/\/zadecu.org\/en\/wp-json\/wp\/v2\/types\/page"}],"author":[{"embeddable":true,"href":"https:\/\/zadecu.org\/en\/wp-json\/wp\/v2\/users\/3"}],"replies":[{"embeddable":true,"href":"https:\/\/zadecu.org\/en\/wp-json\/wp\/v2\/comments?post=1760"}],"version-history":[{"count":0,"href":"https:\/\/zadecu.org\/en\/wp-json\/wp\/v2\/pages\/1760\/revisions"}],"wp:attachment":[{"href":"https:\/\/zadecu.org\/en\/wp-json\/wp\/v2\/media?parent=1760"}],"curies":[{"name":"wp","href":"https:\/\/api.w.org\/{rel}","templated":true}]}}